{"id":1317,"date":"2022-05-25T13:41:35","date_gmt":"2022-05-25T11:41:35","guid":{"rendered":"http:\/\/mapetitecuisineagile.com\/?page_id=1317"},"modified":"2024-04-25T15:09:03","modified_gmt":"2024-04-25T13:09:03","slug":"conseils-dexperts","status":"publish","type":"page","link":"https:\/\/mapetitecuisineagile.com\/index.php\/conseils-dexperts\/","title":{"rendered":"Conseils d&rsquo;experts"},"content":{"rendered":"<p>[et_pb_section fb_built=\u00a0\u00bb1&Prime; _builder_version=\u00a0\u00bb4.16&Prime; _module_preset=\u00a0\u00bbdefault\u00a0\u00bb global_colors_info=\u00a0\u00bb{}\u00a0\u00bb][et_pb_row _builder_version=\u00a0\u00bb4.16&Prime; _module_preset=\u00a0\u00bbdefault\u00a0\u00bb global_colors_info=\u00a0\u00bb{}\u00a0\u00bb][et_pb_column type=\u00a0\u00bb4_4&Prime; _builder_version=\u00a0\u00bb4.16&Prime; _module_preset=\u00a0\u00bbdefault\u00a0\u00bb global_colors_info=\u00a0\u00bb{}\u00a0\u00bb][et_pb_text _builder_version=\u00a0\u00bb4.16&Prime; _module_preset=\u00a0\u00bbdefault\u00a0\u00bb text_font=\u00a0\u00bb|800|||||||\u00a0\u00bb text_font_size=\u00a0\u00bb18px\u00a0\u00bb text_letter_spacing=\u00a0\u00bb3px\u00a0\u00bb global_colors_info=\u00a0\u00bb{}\u00a0\u00bb]<\/p>\n<p>Recettes de Chefs : <strong><span style=\"color: #ff0000;\">Conseils d&rsquo;experts<\/span><\/strong><\/p>\n<p>[\/et_pb_text][et_pb_text _builder_version=\u00a0\u00bb4.16&Prime; _module_preset=\u00a0\u00bbdefault\u00a0\u00bb text_letter_spacing=\u00a0\u00bb1px\u00a0\u00bb global_colors_info=\u00a0\u00bb{}\u00a0\u00bb]<\/p>\n<div class=\"et_pb_module et_pb_text et_pb_text_8  et_pb_text_align_left et_pb_bg_layout_light\">\n<div class=\"et_pb_text_inner\">\n<blockquote>\n<p>Coach Agile, Scrum master, developpeurs, personnes issues de la culture DevOps, testeurs, Product Owner, Product manager, Ux, Designer etc .. des personnes passionn\u00e9es expriment leurs points de vue et vous offrent quelques conseils.<\/p>\n<\/blockquote>\n<\/div>\n<\/div>\n<p>[\/et_pb_text][\/et_pb_column][\/et_pb_row][et_pb_row _builder_version=\u00a0\u00bb4.25.0&Prime; _module_preset=\u00a0\u00bbdefault\u00a0\u00bb hover_enabled=\u00a0\u00bb0&Prime; global_colors_info=\u00a0\u00bb{}\u00a0\u00bb sticky_enabled=\u00a0\u00bb0&Prime;][et_pb_column type=\u00a0\u00bb4_4&Prime; _builder_version=\u00a0\u00bb4.16&Prime; _module_preset=\u00a0\u00bbdefault\u00a0\u00bb global_colors_info=\u00a0\u00bb{}\u00a0\u00bb][et_pb_blog fullwidth=\u00a0\u00bboff\u00a0\u00bb include_categories=\u00a0\u00bb18&Prime; excerpt_length=\u00a0\u00bb200&Prime; show_more=\u00a0\u00bbon\u00a0\u00bb show_author=\u00a0\u00bboff\u00a0\u00bb show_date=\u00a0\u00bboff\u00a0\u00bb show_categories=\u00a0\u00bboff\u00a0\u00bb show_pagination=\u00a0\u00bboff\u00a0\u00bb _builder_version=\u00a0\u00bb4.17.4&Prime; _module_preset=\u00a0\u00bbdefault\u00a0\u00bb header_level=\u00a0\u00bbh1&Prime; header_font=\u00a0\u00bb|700|||||||\u00a0\u00bb header_font_size=\u00a0\u00bb18px\u00a0\u00bb header_letter_spacing=\u00a0\u00bb1px\u00a0\u00bb body_letter_spacing=\u00a0\u00bb1px\u00a0\u00bb read_more_font=\u00a0\u00bb|800|||||||\u00a0\u00bb read_more_text_color=\u00a0\u00bb#E02B20&Prime; read_more_letter_spacing=\u00a0\u00bb1px\u00a0\u00bb text_orientation=\u00a0\u00bbjustified\u00a0\u00bb custom_css_read_more=\u00a0\u00bbcolor: #e09900;||display: block;||text-align:center;||margin-top: 10px;||border: 1px solid #ccc;||padding: 5px;||text-transform: capitalize;||letter-spacing: 1px;\u00a0\u00bb global_colors_info=\u00a0\u00bb{}\u00a0\u00bb][\/et_pb_blog][\/et_pb_column][\/et_pb_row][\/et_pb_section][et_pb_section fb_built=\u00a0\u00bb1&Prime; admin_label=\u00a0\u00bbFooter Section\u00a0\u00bb _builder_version=\u00a0\u00bb4.16&Prime; background_color=\u00a0\u00bb#E02B20&Prime; min_height=\u00a0\u00bb312px\u00a0\u00bb height=\u00a0\u00bb127px\u00a0\u00bb height_tablet=\u00a0\u00bb127px\u00a0\u00bb height_phone=\u00a0\u00bb127px\u00a0\u00bb height_last_edited=\u00a0\u00bbon|phone\u00a0\u00bb max_height=\u00a0\u00bb155px\u00a0\u00bb custom_margin=\u00a0\u00bb||-116px|||\u00a0\u00bb custom_padding=\u00a0\u00bb10px|0px|101px|0px|false|false\u00a0\u00bb saved_tabs=\u00a0\u00bball\u00a0\u00bb global_colors_info=\u00a0\u00bb{}\u00a0\u00bb][et_pb_row column_structure=\u00a0\u00bb1_2,1_2&Prime; admin_label=\u00a0\u00bbFooter Row\u00a0\u00bb _builder_version=\u00a0\u00bb4.16&Prime; width=\u00a0\u00bb81%\u00a0\u00bb global_colors_info=\u00a0\u00bb{}\u00a0\u00bb][et_pb_column type=\u00a0\u00bb1_2&Prime; _builder_version=\u00a0\u00bb4.16&Prime; custom_padding=\u00a0\u00bb|||\u00a0\u00bb global_colors_info=\u00a0\u00bb{}\u00a0\u00bb custom_padding__hover=\u00a0\u00bb|||\u00a0\u00bb][et_pb_image src=\u00a0\u00bbhttps:\/\/mapetitecuisineagile.com\/wp-content\/uploads\/2023\/08\/contact.png\u00a0\u00bb title_text=\u00a0\u00bbcontact\u00a0\u00bb url=\u00a0\u00bbmailto:mapetitecuisineagile@gmail.com\u00a0\u00bb _builder_version=\u00a0\u00bb4.20.2&Prime; _module_preset=\u00a0\u00bbdefault\u00a0\u00bb global_colors_info=\u00a0\u00bb{}\u00a0\u00bb][\/et_pb_image][\/et_pb_column][et_pb_column type=\u00a0\u00bb1_2&Prime; _builder_version=\u00a0\u00bb4.16&Prime; custom_padding=\u00a0\u00bb|||\u00a0\u00bb global_colors_info=\u00a0\u00bb{}\u00a0\u00bb custom_padding__hover=\u00a0\u00bb|||\u00a0\u00bb][et_pb_text admin_label=\u00a0\u00bbLinks\u00a0\u00bb _builder_version=\u00a0\u00bb4.16&Prime; text_font=\u00a0\u00bb|800|||||||\u00a0\u00bb text_text_color=\u00a0\u00bb#ffffff\u00a0\u00bb text_font_size=\u00a0\u00bb19px\u00a0\u00bb text_letter_spacing=\u00a0\u00bb1px\u00a0\u00bb text_line_height=\u00a0\u00bb1.8em\u00a0\u00bb link_font=\u00a0\u00bbOpen Sans|600|||||||\u00a0\u00bb link_text_color=\u00a0\u00bb#ffffff\u00a0\u00bb link_line_height=\u00a0\u00bb2.5em\u00a0\u00bb header_font=\u00a0\u00bbNunito||||||||\u00a0\u00bb header_2_font=\u00a0\u00bb||||||||\u00a0\u00bb header_3_font=\u00a0\u00bb||||||||\u00a0\u00bb header_6_font=\u00a0\u00bbOswald|500||on|||||\u00a0\u00bb header_6_text_color=\u00a0\u00bbrgba(255,255,255,0.4)\u00a0\u00bb header_6_letter_spacing=\u00a0\u00bb2px\u00a0\u00bb header_6_line_height=\u00a0\u00bb1.7em\u00a0\u00bb background_layout=\u00a0\u00bbdark\u00a0\u00bb module_alignment=\u00a0\u00bbcenter\u00a0\u00bb custom_margin=\u00a0\u00bb||10px||false|false\u00a0\u00bb custom_margin_tablet=\u00a0\u00bb0px|||\u00a0\u00bb custom_margin_phone=\u00a0\u00bb|||\u00a0\u00bb custom_margin_last_edited=\u00a0\u00bboff|desktop\u00a0\u00bb custom_padding=\u00a0\u00bb||10px||false|false\u00a0\u00bb text_line_height_last_edited=\u00a0\u00bboff|desktop\u00a0\u00bb global_colors_info=\u00a0\u00bb{}\u00a0\u00bb]<\/p>\n<p>A propos<\/p>\n<p>[\/et_pb_text][et_pb_text admin_label=\u00a0\u00bbLinks\u00a0\u00bb _builder_version=\u00a0\u00bb4.16&Prime; text_font=\u00a0\u00bbNunito||||||||\u00a0\u00bb text_text_color=\u00a0\u00bb#ffffff\u00a0\u00bb text_letter_spacing=\u00a0\u00bb1px\u00a0\u00bb text_line_height=\u00a0\u00bb1.8em\u00a0\u00bb link_font=\u00a0\u00bbOpen Sans|600|||||||\u00a0\u00bb link_text_color=\u00a0\u00bb#ffffff\u00a0\u00bb link_line_height=\u00a0\u00bb2.5em\u00a0\u00bb header_font=\u00a0\u00bbNunito||||||||\u00a0\u00bb header_2_font=\u00a0\u00bb||||||||\u00a0\u00bb header_3_font=\u00a0\u00bb||||||||\u00a0\u00bb header_6_font=\u00a0\u00bbOswald|500||on|||||\u00a0\u00bb header_6_text_color=\u00a0\u00bbrgba(255,255,255,0.4)\u00a0\u00bb header_6_letter_spacing=\u00a0\u00bb2px\u00a0\u00bb header_6_line_height=\u00a0\u00bb1.7em\u00a0\u00bb background_layout=\u00a0\u00bbdark\u00a0\u00bb module_alignment=\u00a0\u00bbcenter\u00a0\u00bb custom_margin=\u00a0\u00bb||10px||false|false\u00a0\u00bb custom_margin_tablet=\u00a0\u00bb0px|||\u00a0\u00bb custom_margin_phone=\u00a0\u00bb|||\u00a0\u00bb custom_margin_last_edited=\u00a0\u00bboff|desktop\u00a0\u00bb custom_padding=\u00a0\u00bb||10px||false|false\u00a0\u00bb text_line_height_last_edited=\u00a0\u00bboff|desktop\u00a0\u00bb global_colors_info=\u00a0\u00bb{}\u00a0\u00bb]<\/p>\n<p style=\"text-align: left;\">Coach Agile et Lead Scrum master j&rsquo;accompagne les organisations et les \u00e9quipes \u00e0 comprendre et \u00e0 mettre en place les principes de l&rsquo;Agilit\u00e9 (mindset, framework, m\u00e9thodes, outils)<br \/><span style=\"text-decoration: underline;\"><a href=\"https:\/\/mapetitecuisineagile.com\/index.php\/567-2\/\">En savoir plus<\/a><br \/><\/span><\/p>\n<p style=\"text-align: left;\"><a href=\"https:\/\/www.linkedin.com\/in\/am%C3%A9lie-aucomte-747113117\/\" target=\"_blank\" rel=\"noopener\"><span style=\"text-decoration: underline;\"><img loading=\"lazy\" decoding=\"async\" src=\"https:\/\/mapetitecuisineagile.com\/wp-content\/uploads\/2022\/06\/linkedin-2.png\" width=\"100\" height=\"28\" alt=\"\" class=\"wp-image-1576 alignnone size-full\" \/><\/span><\/a><\/p>\n<p style=\"text-align: left;\"><span style=\"text-decoration: underline;\"><\/span><\/p>\n<h6 style=\"text-align: center;\"><img loading=\"lazy\" decoding=\"async\" src=\"https:\/\/mapetitecuisineagile.com\/wp-content\/uploads\/2022\/03\/logo-blanc-1-2.png\" width=\"81\" height=\"23\" alt=\"\" class=\"wp-image-537 aligncenter size-full\" style=\"float: left;\" \/><\/h6>\n<p>[\/et_pb_text][\/et_pb_column][\/et_pb_row][\/et_pb_section]<\/p>\n","protected":false},"excerpt":{"rendered":"<p>Recettes de Chefs : Conseils d&rsquo;experts Coach Agile, Scrum master, developpeurs, personnes issues de la culture DevOps, testeurs, Product Owner, Product manager, Ux, Designer etc .. des personnes passionn\u00e9es expriment leurs points de vue et vous offrent quelques conseils. A proposCoach Agile et Lead Scrum master j&rsquo;accompagne les organisations et les \u00e9quipes \u00e0 comprendre et [&hellip;]<\/p>\n","protected":false},"author":1,"featured_media":0,"parent":0,"menu_order":0,"comment_status":"closed","ping_status":"closed","template":"","meta":{"_et_pb_use_builder":"on","_et_pb_old_content":"","_et_gb_content_width":"","om_disable_all_campaigns":false,"_exactmetrics_skip_tracking":false,"_exactmetrics_sitenote_active":false,"_exactmetrics_sitenote_note":"","_exactmetrics_sitenote_category":0,"footnotes":""},"class_list":["post-1317","page","type-page","status-publish","hentry"],"_links":{"self":[{"href":"https:\/\/mapetitecuisineagile.com\/index.php\/wp-json\/wp\/v2\/pages\/1317","targetHints":{"allow":["GET"]}}],"collection":[{"href":"https:\/\/mapetitecuisineagile.com\/index.php\/wp-json\/wp\/v2\/pages"}],"about":[{"href":"https:\/\/mapetitecuisineagile.com\/index.php\/wp-json\/wp\/v2\/types\/page"}],"author":[{"embeddable":true,"href":"https:\/\/mapetitecuisineagile.com\/index.php\/wp-json\/wp\/v2\/users\/1"}],"replies":[{"embeddable":true,"href":"https:\/\/mapetitecuisineagile.com\/index.php\/wp-json\/wp\/v2\/comments?post=1317"}],"version-history":[{"count":24,"href":"https:\/\/mapetitecuisineagile.com\/index.php\/wp-json\/wp\/v2\/pages\/1317\/revisions"}],"predecessor-version":[{"id":2722,"href":"https:\/\/mapetitecuisineagile.com\/index.php\/wp-json\/wp\/v2\/pages\/1317\/revisions\/2722"}],"wp:attachment":[{"href":"https:\/\/mapetitecuisineagile.com\/index.php\/wp-json\/wp\/v2\/media?parent=1317"}],"curies":[{"name":"wp","href":"https:\/\/api.w.org\/{rel}","templated":true}]}}